    {"id":1098,"date":"2022-01-13T11:37:26","date_gmt":"2022-01-13T11:37:26","guid":{"rendered":"https:\/\/mistra.ee\/privaatsuspoliitika\/"},"modified":"2022-01-13T11:37:31","modified_gmt":"2022-01-13T11:37:31","slug":"privaatsuspoliitika","status":"publish","type":"page","link":"https:\/\/mistra.ee\/et\/privaatsuspoliitika\/","title":{"rendered":"Privaatsuspoliitika"},"content":{"rendered":"\t\t<div data-elementor-type=\"wp-page\" data-elementor-id=\"1098\" class=\"elementor elementor-1098 elementor-3\" data-elementor-post-type=\"page\">\n\t\t\t\t\t\t<section class=\"elementor-section elementor-top-section elementor-element elementor-element-7e94c74 elementor-section-full_width elementor-section-height-default elementor-section-height-default\" data-id=\"7e94c74\" data-element_type=\"section\" data-e-type=\"section\" data-settings=\"{&quot;background_background&quot;:&quot;classic&quot;}\">\n\t\t\t\t\t\t\t<div class=\"elementor-background-overlay\"><\/div>\n\t\t\t\t\t\t\t<div class=\"elementor-container elementor-column-gap-default\">\n\t\t\t\t\t<div class=\"elementor-column elementor-col-100 elementor-top-column elementor-element elementor-element-fcf4acf\" data-id=\"fcf4acf\" data-element_type=\"column\" data-e-type=\"column\">\n\t\t\t<div class=\"elementor-widget-wrap elementor-element-populated\">\n\t\t\t\t\t\t<div class=\"elementor-element elementor-element-7ad861f elementor-invisible elementor-widget elementor-widget-heading\" data-id=\"7ad861f\" data-element_type=\"widget\" data-e-type=\"widget\" data-settings=\"{&quot;_animation&quot;:&quot;fadeInUp&quot;}\" data-widget_type=\"heading.default\">\n\t\t\t\t<div class=\"elementor-widget-container\">\n\t\t\t\t\t<h2 class=\"elementor-heading-title elementor-size-default\">Privaatsuspoliitika<\/h2>\t\t\t\t<\/div>\n\t\t\t\t<\/div>\n\t\t\t\t\t<\/div>\n\t\t<\/div>\n\t\t\t\t\t<\/div>\n\t\t<\/section>\n\t\t\t\t<section class=\"elementor-section elementor-top-section elementor-element elementor-element-671d2071 elementor-section-boxed elementor-section-height-default elementor-section-height-default\" data-id=\"671d2071\" data-element_type=\"section\" data-e-type=\"section\">\n\t\t\t\t\t\t<div class=\"elementor-container elementor-column-gap-default\">\n\t\t\t\t\t<div class=\"elementor-column elementor-col-100 elementor-top-column elementor-element elementor-element-7142ef6e\" data-id=\"7142ef6e\" data-element_type=\"column\" data-e-type=\"column\">\n\t\t\t<div class=\"elementor-widget-wrap elementor-element-populated\">\n\t\t\t\t\t\t<div class=\"elementor-element elementor-element-538740a7 animated-slow elementor-invisible elementor-widget elementor-widget-text-editor\" data-id=\"538740a7\" data-element_type=\"widget\" data-e-type=\"widget\" data-settings=\"{&quot;_animation&quot;:&quot;fadeIn&quot;}\" data-widget_type=\"text-editor.default\">\n\t\t\t\t<div class=\"elementor-widget-container\">\n\t\t\t\t\t\t\t\t\t<p><\/p>\n<h4>Kes me oleme<\/h4>\n<p><\/p>\n<p>Meie veebisaidi aadress on: https:\/\/mistra.ee.<\/p>\n<p><\/p>\n<h4>Kommentaarid<\/h4>\n<p><\/p>\n<p>Kui k\u00fclastajad j\u00e4tavad saidile kommentaare, kogume r\u00e4mpsposti tuvastamise h\u00f5lbustamiseks kommentaarivormis kuvatavaid andmeid ning ka k\u00fclastaja IP-aadressi ja brauseri kasutajaagendi stringi.<\/p>\n<p><\/p>\n<p>Teie e-posti aadressist loodud anon\u00fc\u00fcmne string (mida nimetatakse ka r\u00e4siks) v\u00f5idakse saata teenusele Gravatar, et n\u00e4ha, kas te seda kasutate. Gravatari teenuse privaatsuspoliitika on saadaval siin: https:\/\/automattic.com\/privacy\/. P\u00e4rast teie kommentaari kinnitamist on teie profiilipilt teie kommentaari kontekstis avalikkusele n\u00e4htav.<\/p>\n<p><\/p>\n<h4>Meedia<\/h4>\n<p><\/p>\n<p>Kui laadite veebisaidile \u00fcles pilte, peaksite v\u00e4ltima manustatud asukohaandmetega (EXIF GPS) piltide \u00fcleslaadimist. Veebisaidi k\u00fclastajad saavad veebisaidil olevate piltide asukohaandmed alla laadida ja nendest v\u00e4lja v\u00f5tta.<\/p>\n<p><\/p>\n<h4>K\u00fcpsised<\/h4>\n<p><\/p>\n<p>Kui j\u00e4tate meie saidile kommentaari, v\u00f5ite lubada oma nime, e-posti aadressi ja veebisaidi k\u00fcpsistesse salvestamise. Need on teie mugavuse huvides, et te ei peaks uue kommentaari j\u00e4tmisel oma andmeid uuesti sisestama. Need k\u00fcpsised s\u00e4ilivad \u00fche aasta.<\/p>\n<p><\/p>\n<p>Kui k\u00fclastate meie sisselogimislehte, seadistame ajutise k\u00fcpsise, et teha kindlaks, kas teie brauser aktsepteerib k\u00fcpsiseid. See k\u00fcpsis ei sisalda isikuandmeid ja see visatakse \u00e4ra, kui sulgete brauseri.<\/p>\n<p><\/p>\n<p>Sisselogimisel seadistame ka mitu k\u00fcpsist, et salvestada teie sisselogimisandmed ja ekraanikuva valikud. Sisselogimisk\u00fcpsised kestavad kaks p\u00e4eva ja ekraanivalikute k\u00fcpsised aasta. Kui valite &#8220;J\u00e4ta mind meelde&#8221;, p\u00fcsib teie sisselogimine kaks n\u00e4dalat. Kui logite oma kontolt v\u00e4lja, siis sisselogimisk\u00fcpsised eemaldatakse.<\/p>\n<p><\/p>\n<p>Kui muudate v\u00f5i avaldate artiklit, salvestatakse teie brauserisse t\u00e4iendav k\u00fcpsis. See k\u00fcpsis ei sisalda isikuandmeid ja n\u00e4itab lihtsalt \u00e4sja redigeeritud artikli postituse ID-d. See aegub 1 p\u00e4eva p\u00e4rast.<\/p>\n<p><\/p>\n<h4>Manustatud sisu teistelt veebisaitidelt<\/h4>\n<p><\/p>\n<p>Selle saidi artiklid v\u00f5ivad sisaldada manustatud sisu (nt videod, pildid, artiklid jne). Teistelt veebisaitidelt manustatud sisu k\u00e4itub t\u00e4pselt samamoodi nagu siis, kui k\u00fclastaja oleks k\u00fclastanud teist veebisaiti.<\/p>\n<p><\/p>\n<p>Need veebisaidid v\u00f5ivad koguda teie kohta andmeid, kasutada k\u00fcpsiseid, manustada t\u00e4iendavat kolmanda osapoole j\u00e4lgimist ja j\u00e4lgida teie suhtlust selle manustatud sisuga, sealhulgas j\u00e4lgida teie suhtlust manustatud sisuga, kui teil on konto ja olete sellele veebisaidile sisse logitud.<\/p>\n<p><\/p>\n<h4>Kellega me teie andmeid jagame<\/h4>\n<p><\/p>\n<p>Kui taotlete parooli l\u00e4htestamist, lisatakse l\u00e4htestamismeilile teie IP-aadress.<\/p>\n<p><\/p>\n<h4>Kui kaua me teie andmeid s\u00e4ilitame<\/h4>\n<p><\/p>\n<p>Kui j\u00e4tate kommentaari, s\u00e4ilitatakse kommentaar ja selle metaandmed t\u00e4htajatult. See on selleks, et saaksime k\u00f5ik j\u00e4relkommentaarid automaatselt \u00e4ra tunda ja heaks kiita, selle asemel, et neid modereerimisj\u00e4rjekorras hoida.<\/p>\n<p><\/p>\n<p>Kasutajate jaoks, kes registreeruvad meie veebisaidil (kui neid on), salvestame ka nende esitatud isikuandmed nende kasutajaprofiilis. K\u00f5ik kasutajad saavad oma isikuandmeid igal ajal n\u00e4ha, muuta v\u00f5i kustutada (v\u00e4lja arvatud juhul, kui nad ei saa oma kasutajanime muuta). Veebisaidi administraatorid saavad seda teavet ka n\u00e4ha ja muuta.<\/p>\n<p><\/p>\n<h4>Millised \u00f5igused teil oma andmete \u00fcle on<\/h4>\n<p><\/p>\n<p>Kui teil on sellel saidil konto v\u00f5i olete j\u00e4tnud kommentaare, v\u00f5ite taotleda eksporditud faili teie kohta s\u00e4ilitatavatest isikuandmetest, sealhulgas k\u00f5igist teie poolt meile edastatud andmetest. Samuti v\u00f5ite taotleda, et kustutaksime k\u00f5ik teie kohta s\u00e4ilitatavad isikuandmed. See ei h\u00f5lma andmeid, mida oleme kohustatud s\u00e4ilitama haldus-, \u00f5igus- v\u00f5i turvaeesm\u00e4rkidel.<\/p>\n<p><\/p>\n<h4>Kuhu me teie andmed saadame<\/h4>\n<p><\/p>\n<p>K\u00fclastajate kommentaare saab kontrollida automaatse r\u00e4mpspostituvastusteenuse kaudu.<\/p>\n<p><\/p>\n\t\t\t\t\t\t\t\t<\/div>\n\t\t\t\t<\/div>\n\t\t\t\t\t<\/div>\n\t\t<\/div>\n\t\t\t\t\t<\/div>\n\t\t<\/section>\n\t\t\t\t<\/div>\n\t\t","protected":false},"excerpt":{"rendered":"<p>Kes me oleme Meie veebisaidi aadress on: https:\/\/mistra.ee. Kommentaarid Kui k\u00fclastajad j\u00e4tavad saidile kommentaare, kogume r\u00e4mpsposti tuvastamise h\u00f5lbustamiseks kommentaarivormis kuvatavaid andmeid ning ka k\u00fclastaja IP-aadressi ja brauseri kasutajaagendi stringi. Teie e-posti aadressist loodud anon\u00fc\u00fcmne string (mida nimetatakse ka r\u00e4siks) v\u00f5idakse saata teenusele Gravatar, et n\u00e4ha, kas te seda kasutate. Gravatari teenuse privaatsuspoliitika on saadaval siin: [&hellip;]<\/p>\n","protected":false},"author":1,"featured_media":0,"parent":0,"menu_order":0,"comment_status":"closed","ping_status":"open","template":"elementor_header_footer","meta":{"footnotes":""},"class_list":["post-1098","page","type-page","status-publish","hentry"],"yoast_head":"<!-- This site is optimized with the Yoast SEO plugin v27.5 - https:\/\/yoast.com\/product\/yoast-seo-wordpress\/ -->\n<title>Privaatsuspoliitika - Mistra-Autex AS<\/title>\n<meta name=\"robots\" content=\"index, follow, max-snippet:-1, max-image-preview:large, max-video-preview:-1\" \/>\n<link rel=\"canonical\" href=\"https:\/\/mistra.ee\/et\/privaatsuspoliitika\/\" \/>\n<meta property=\"og:locale\" content=\"et_EE\" \/>\n<meta property=\"og:type\" content=\"article\" \/>\n<meta property=\"og:title\" content=\"Privaatsuspoliitika - Mistra-Autex AS\" \/>\n<meta property=\"og:description\" content=\"Kes me oleme Meie veebisaidi aadress on: https:\/\/mistra.ee. Kommentaarid Kui k\u00fclastajad j\u00e4tavad saidile kommentaare, kogume r\u00e4mpsposti tuvastamise h\u00f5lbustamiseks kommentaarivormis kuvatavaid andmeid ning ka k\u00fclastaja IP-aadressi ja brauseri kasutajaagendi stringi. Teie e-posti aadressist loodud anon\u00fc\u00fcmne string (mida nimetatakse ka r\u00e4siks) v\u00f5idakse saata teenusele Gravatar, et n\u00e4ha, kas te seda kasutate. Gravatari teenuse privaatsuspoliitika on saadaval siin: [&hellip;]\" \/>\n<meta property=\"og:url\" content=\"https:\/\/mistra.ee\/et\/privaatsuspoliitika\/\" \/>\n<meta property=\"og:site_name\" content=\"Mistra-Autex AS\" \/>\n<meta property=\"article:modified_time\" content=\"2022-01-13T11:37:31+00:00\" \/>\n<meta name=\"twitter:card\" content=\"summary_large_image\" \/>\n<meta name=\"twitter:label1\" content=\"Est. reading time\" \/>\n\t<meta name=\"twitter:data1\" content=\"3 minutit\" \/>\n<script type=\"application\/ld+json\" class=\"yoast-schema-graph\">{\"@context\":\"https:\\\/\\\/schema.org\",\"@graph\":[{\"@type\":\"WebPage\",\"@id\":\"https:\\\/\\\/mistra.ee\\\/et\\\/privaatsuspoliitika\\\/\",\"url\":\"https:\\\/\\\/mistra.ee\\\/et\\\/privaatsuspoliitika\\\/\",\"name\":\"Privaatsuspoliitika - Mistra-Autex AS\",\"isPartOf\":{\"@id\":\"https:\\\/\\\/mistra.ee\\\/et\\\/#website\"},\"datePublished\":\"2022-01-13T11:37:26+00:00\",\"dateModified\":\"2022-01-13T11:37:31+00:00\",\"breadcrumb\":{\"@id\":\"https:\\\/\\\/mistra.ee\\\/et\\\/privaatsuspoliitika\\\/#breadcrumb\"},\"inLanguage\":\"et\",\"potentialAction\":[{\"@type\":\"ReadAction\",\"target\":[\"https:\\\/\\\/mistra.ee\\\/et\\\/privaatsuspoliitika\\\/\"]}]},{\"@type\":\"BreadcrumbList\",\"@id\":\"https:\\\/\\\/mistra.ee\\\/et\\\/privaatsuspoliitika\\\/#breadcrumb\",\"itemListElement\":[{\"@type\":\"ListItem\",\"position\":1,\"name\":\"Home\",\"item\":\"https:\\\/\\\/mistra.ee\\\/et\\\/\"},{\"@type\":\"ListItem\",\"position\":2,\"name\":\"Privaatsuspoliitika\"}]},{\"@type\":\"WebSite\",\"@id\":\"https:\\\/\\\/mistra.ee\\\/et\\\/#website\",\"url\":\"https:\\\/\\\/mistra.ee\\\/et\\\/\",\"name\":\"Mistra-Autex AS\",\"description\":\"Quality Non-woven and Tufted Carpet Products\",\"publisher\":{\"@id\":\"https:\\\/\\\/mistra.ee\\\/et\\\/#organization\"},\"potentialAction\":[{\"@type\":\"SearchAction\",\"target\":{\"@type\":\"EntryPoint\",\"urlTemplate\":\"https:\\\/\\\/mistra.ee\\\/et\\\/?s={search_term_string}\"},\"query-input\":{\"@type\":\"PropertyValueSpecification\",\"valueRequired\":true,\"valueName\":\"search_term_string\"}}],\"inLanguage\":\"et\"},{\"@type\":\"Organization\",\"@id\":\"https:\\\/\\\/mistra.ee\\\/et\\\/#organization\",\"name\":\"Mistra-Autex AS\",\"url\":\"https:\\\/\\\/mistra.ee\\\/et\\\/\",\"logo\":{\"@type\":\"ImageObject\",\"inLanguage\":\"et\",\"@id\":\"https:\\\/\\\/mistra.ee\\\/et\\\/#\\\/schema\\\/logo\\\/image\\\/\",\"url\":\"https:\\\/\\\/mistra.ee\\\/wp-content\\\/uploads\\\/2021\\\/10\\\/cropped-Mistra-favicon.png\",\"contentUrl\":\"https:\\\/\\\/mistra.ee\\\/wp-content\\\/uploads\\\/2021\\\/10\\\/cropped-Mistra-favicon.png\",\"width\":512,\"height\":512,\"caption\":\"Mistra-Autex AS\"},\"image\":{\"@id\":\"https:\\\/\\\/mistra.ee\\\/et\\\/#\\\/schema\\\/logo\\\/image\\\/\"}}]}<\/script>\n<!-- \/ Yoast SEO plugin. -->","yoast_head_json":{"title":"Privaatsuspoliitika - Mistra-Autex AS","robots":{"index":"index","follow":"follow","max-snippet":"max-snippet:-1","max-image-preview":"max-image-preview:large","max-video-preview":"max-video-preview:-1"},"canonical":"https:\/\/mistra.ee\/et\/privaatsuspoliitika\/","og_locale":"et_EE","og_type":"article","og_title":"Privaatsuspoliitika - Mistra-Autex AS","og_description":"Kes me oleme Meie veebisaidi aadress on: https:\/\/mistra.ee. Kommentaarid Kui k\u00fclastajad j\u00e4tavad saidile kommentaare, kogume r\u00e4mpsposti tuvastamise h\u00f5lbustamiseks kommentaarivormis kuvatavaid andmeid ning ka k\u00fclastaja IP-aadressi ja brauseri kasutajaagendi stringi. Teie e-posti aadressist loodud anon\u00fc\u00fcmne string (mida nimetatakse ka r\u00e4siks) v\u00f5idakse saata teenusele Gravatar, et n\u00e4ha, kas te seda kasutate. Gravatari teenuse privaatsuspoliitika on saadaval siin: [&hellip;]","og_url":"https:\/\/mistra.ee\/et\/privaatsuspoliitika\/","og_site_name":"Mistra-Autex AS","article_modified_time":"2022-01-13T11:37:31+00:00","twitter_card":"summary_large_image","twitter_misc":{"Est. reading time":"3 minutit"},"schema":{"@context":"https:\/\/schema.org","@graph":[{"@type":"WebPage","@id":"https:\/\/mistra.ee\/et\/privaatsuspoliitika\/","url":"https:\/\/mistra.ee\/et\/privaatsuspoliitika\/","name":"Privaatsuspoliitika - Mistra-Autex AS","isPartOf":{"@id":"https:\/\/mistra.ee\/et\/#website"},"datePublished":"2022-01-13T11:37:26+00:00","dateModified":"2022-01-13T11:37:31+00:00","breadcrumb":{"@id":"https:\/\/mistra.ee\/et\/privaatsuspoliitika\/#breadcrumb"},"inLanguage":"et","potentialAction":[{"@type":"ReadAction","target":["https:\/\/mistra.ee\/et\/privaatsuspoliitika\/"]}]},{"@type":"BreadcrumbList","@id":"https:\/\/mistra.ee\/et\/privaatsuspoliitika\/#breadcrumb","itemListElement":[{"@type":"ListItem","position":1,"name":"Home","item":"https:\/\/mistra.ee\/et\/"},{"@type":"ListItem","position":2,"name":"Privaatsuspoliitika"}]},{"@type":"WebSite","@id":"https:\/\/mistra.ee\/et\/#website","url":"https:\/\/mistra.ee\/et\/","name":"Mistra-Autex AS","description":"Quality Non-woven and Tufted Carpet Products","publisher":{"@id":"https:\/\/mistra.ee\/et\/#organization"},"potentialAction":[{"@type":"SearchAction","target":{"@type":"EntryPoint","urlTemplate":"https:\/\/mistra.ee\/et\/?s={search_term_string}"},"query-input":{"@type":"PropertyValueSpecification","valueRequired":true,"valueName":"search_term_string"}}],"inLanguage":"et"},{"@type":"Organization","@id":"https:\/\/mistra.ee\/et\/#organization","name":"Mistra-Autex AS","url":"https:\/\/mistra.ee\/et\/","logo":{"@type":"ImageObject","inLanguage":"et","@id":"https:\/\/mistra.ee\/et\/#\/schema\/logo\/image\/","url":"https:\/\/mistra.ee\/wp-content\/uploads\/2021\/10\/cropped-Mistra-favicon.png","contentUrl":"https:\/\/mistra.ee\/wp-content\/uploads\/2021\/10\/cropped-Mistra-favicon.png","width":512,"height":512,"caption":"Mistra-Autex AS"},"image":{"@id":"https:\/\/mistra.ee\/et\/#\/schema\/logo\/image\/"}}]}},"_links":{"self":[{"href":"https:\/\/mistra.ee\/et\/wp-json\/wp\/v2\/pages\/1098","targetHints":{"allow":["GET"]}}],"collection":[{"href":"https:\/\/mistra.ee\/et\/wp-json\/wp\/v2\/pages"}],"about":[{"href":"https:\/\/mistra.ee\/et\/wp-json\/wp\/v2\/types\/page"}],"author":[{"embeddable":true,"href":"https:\/\/mistra.ee\/et\/wp-json\/wp\/v2\/users\/1"}],"replies":[{"embeddable":true,"href":"https:\/\/mistra.ee\/et\/wp-json\/wp\/v2\/comments?post=1098"}],"version-history":[{"count":5,"href":"https:\/\/mistra.ee\/et\/wp-json\/wp\/v2\/pages\/1098\/revisions"}],"predecessor-version":[{"id":1119,"href":"https:\/\/mistra.ee\/et\/wp-json\/wp\/v2\/pages\/1098\/revisions\/1119"}],"wp:attachment":[{"href":"https:\/\/mistra.ee\/et\/wp-json\/wp\/v2\/media?parent=1098"}],"curies":[{"name":"wp","href":"https:\/\/api.w.org\/{rel}","templated":true}]}}